


{"id":2,"date":"2025-09-13T18:10:23","date_gmt":"2025-09-13T18:10:23","guid":{"rendered":"https:\/\/apaula.pt\/?page_id=2"},"modified":"2025-09-18T12:28:26","modified_gmt":"2025-09-18T12:28:26","slug":"sample-page","status":"publish","type":"page","link":"https:\/\/apaula.pt\/","title":{"rendered":"Sample Page"},"content":{"rendered":"\t\t<div data-elementor-type=\"wp-page\" data-elementor-id=\"2\" class=\"elementor elementor-2\">\n\t\t\t\t<div class=\"elementor-element elementor-element-1ea54fe4 e-flex e-con-boxed wpr-particle-no wpr-sticky-section-no e-con e-parent\" data-id=\"1ea54fe4\" data-element_type=\"container\">\n\t\t\t\t\t<div class=\"e-con-inner\">\n\t\t\t\t<div class=\"elementor-element elementor-element-5cfb1909 elementor-widget elementor-widget-text-editor\" data-id=\"5cfb1909\" data-element_type=\"widget\" data-widget_type=\"text-editor.default\">\n\t\t\t\t\t\t\t\t\t\n<p>Este site \u00e9 dedicado a todos aqueles que ao longo da vida me t\u00eam incentivado a prosseguir com esta minha ocupa\u00e7\u00e3o que me serve de entretenimento, terapia e satisfa\u00e7\u00e3o de um lado criativo da minha personalidade&#8230;<\/p>\n\n<blockquote class=\"wp-block-quote is-layout-flow wp-block-quote-is-layout-flow\">\n<p>Ol\u00e1 a todos e espero que se divirtam a acompanhar a cria\u00e7\u00e3o e a testemunharem o resultado de muitas horas de dedica\u00e7\u00e3o&#8230;<\/p>\n<\/blockquote>\n\n<p>&#8230;e ainda:<\/p>\n\n<blockquote class=\"wp-block-quote is-layout-flow wp-block-quote-is-layout-flow\">\n<p>Todas estas pe\u00e7as de roupa, brinquedos ou utilidades n\u00e3o se destinam a ser vendidas. Por variadissimas vezes ofereci o resultado da produ\u00e7\u00e3o a institui\u00e7\u00f5es que muito delas precisam&#8230;<\/p>\n<\/blockquote>\n\n<p>A par da exist\u00eancia deste site irei publicar novidades e not\u00edcias nas redes Facebook e Instagram.\u00a0 Divirtam-se!<\/p>\n\t\t\t\t\t\t\t\t<\/div>\n\t\t\t\t\t<\/div>\n\t\t\t\t<\/div>\n\t\t<div class=\"elementor-element elementor-element-2e2db3e e-flex e-con-boxed wpr-particle-no wpr-sticky-section-no e-con e-parent\" data-id=\"2e2db3e\" data-element_type=\"container\" data-settings=\"{&quot;background_background&quot;:&quot;classic&quot;}\">\n\t\t\t\t\t<div class=\"e-con-inner\">\n\t\t<div class=\"elementor-element elementor-element-1f1b377 e-con-full e-flex wpr-particle-no wpr-sticky-section-no e-con e-child\" data-id=\"1f1b377\" data-element_type=\"container\">\n\t\t\t\t<div class=\"elementor-element elementor-element-d7f80b2 elementor-widget__width-initial elementor-widget elementor-widget-image\" data-id=\"d7f80b2\" data-element_type=\"widget\" data-widget_type=\"image.default\">\n\t\t\t\t\t\t\t\t\t\t\t\t\t\t\t<img decoding=\"async\" width=\"150\" height=\"150\" src=\"https:\/\/apaula.pt\/wp-content\/uploads\/2025\/09\/image-1-150x150.png\" class=\"attachment-thumbnail size-thumbnail wp-image-147\" alt=\"\" \/>\t\t\t\t\t\t\t\t\t\t\t\t\t\t\t<\/div>\n\t\t\t\t<\/div>\n\t\t<div class=\"elementor-element elementor-element-1628e47 e-con-full e-flex wpr-particle-no wpr-sticky-section-no e-con e-child\" data-id=\"1628e47\" data-element_type=\"container\">\n\t\t\t\t<div class=\"elementor-element elementor-element-912b6a8 elementor-widget elementor-widget-heading\" data-id=\"912b6a8\" data-element_type=\"widget\" data-widget_type=\"heading.default\">\n\t\t\t\t\t<h3 class=\"elementor-heading-title elementor-size-default\">Ana Paula Cunha<\/h3>\t\t\t\t<\/div>\n\t\t\t\t<div class=\"elementor-element elementor-element-65938ec elementor-widget elementor-widget-heading\" data-id=\"65938ec\" data-element_type=\"widget\" data-widget_type=\"heading.default\">\n\t\t\t\t\t<h5 class=\"elementor-heading-title elementor-size-default\">Secret\u00e1ria de administra\u00e7\u00e3o a tempo inteiro, m\u00e3e de dois filhos e av\u00f3 de quatro netos<\/h5>\t\t\t\t<\/div>\n\t\t\t\t<div class=\"elementor-element elementor-element-db4509c elementor-widget elementor-widget-heading\" data-id=\"db4509c\" data-element_type=\"widget\" data-widget_type=\"heading.default\">\n\t\t\t\t\t<h6 class=\"elementor-heading-title elementor-size-default\">Dedico-me a este \"hobby\" com toda a paix\u00e3o e carinho.<\/h6>\t\t\t\t<\/div>\n\t\t\t\t<\/div>\n\t\t\t\t\t<\/div>\n\t\t\t\t<\/div>\n\t\t<div class=\"elementor-element elementor-element-5de4519 e-flex e-con-boxed wpr-particle-no wpr-sticky-section-no e-con e-parent\" data-id=\"5de4519\" data-element_type=\"container\">\n\t\t\t\t\t<div class=\"e-con-inner\">\n\t\t\t\t<div class=\"elementor-element elementor-element-5817564 elementor-widget elementor-widget-image\" data-id=\"5817564\" data-element_type=\"widget\" data-widget_type=\"image.default\">\n\t\t\t\t\t\t\t\t\t\t\t\t\t\t\t<img fetchpriority=\"high\" decoding=\"async\" width=\"768\" height=\"512\" src=\"https:\/\/apaula.pt\/wp-content\/uploads\/2025\/09\/Todos-768x512.jpg\" class=\"attachment-medium_large size-medium_large wp-image-23\" alt=\"\" srcset=\"https:\/\/apaula.pt\/wp-content\/uploads\/2025\/09\/Todos-768x512.jpg 768w, https:\/\/apaula.pt\/wp-content\/uploads\/2025\/09\/Todos-300x200.jpg 300w, https:\/\/apaula.pt\/wp-content\/uploads\/2025\/09\/Todos-1024x682.jpg 1024w, https:\/\/apaula.pt\/wp-content\/uploads\/2025\/09\/Todos-1536x1023.jpg 1536w, https:\/\/apaula.pt\/wp-content\/uploads\/2025\/09\/Todos.jpg 1600w\" sizes=\"(max-width: 768px) 100vw, 768px\" \/>\t\t\t\t\t\t\t\t\t\t\t\t\t\t\t<\/div>\n\t\t\t\t\t<\/div>\n\t\t\t\t<\/div>\n\t\t\t\t<\/div>\n\t\t","protected":false},"excerpt":{"rendered":"<p>Este site \u00e9 dedicado a todos aqueles que ao longo da vida me t\u00eam incentivado a prosseguir com esta minha ocupa\u00e7\u00e3o que me serve de entretenimento, terapia e satisfa\u00e7\u00e3o de um lado criativo da minha personalidade&#8230; Ol\u00e1 a todos e espero que se divirtam a acompanhar a cria\u00e7\u00e3o e a testemunharem o resultado de muitas horas de dedica\u00e7\u00e3o&#8230; &#8230;e ainda: Todas estas pe\u00e7as de roupa, brinquedos ou utilidades n\u00e3o se destinam a ser vendidas. Por variadissimas vezes ofereci o resultado da produ\u00e7\u00e3o a institui\u00e7\u00f5es que muito delas precisam&#8230; A par da exist\u00eancia deste site irei publicar novidades e not\u00edcias nas redes Facebook e Instagram.\u00a0 Divirtam-se! Ana Paula Cunha Secret\u00e1ria de administra\u00e7\u00e3o a tempo inteiro, m\u00e3e de dois filhos e av\u00f3 de quatro netos Dedico-me a este &#8220;hobby&#8221; com toda a paix\u00e3o e carinho.<\/p>\n","protected":false},"author":1,"featured_media":0,"parent":0,"menu_order":0,"comment_status":"closed","ping_status":"open","template":"","meta":{"site-sidebar-layout":"default","site-content-layout":"","ast-site-content-layout":"default","site-content-style":"default","site-sidebar-style":"default","ast-global-header-display":"","ast-banner-title-visibility":"","ast-main-header-display":"","ast-hfb-above-header-display":"","ast-hfb-below-header-display":"","ast-hfb-mobile-header-display":"","site-post-title":"disabled","ast-breadcrumbs-content":"","ast-featured-img":"","footer-sml-layout":"","theme-transparent-header-meta":"","adv-header-id-meta":"","stick-header-meta":"","header-above-stick-meta":"","header-main-stick-meta":"","header-below-stick-meta":"","astra-migrate-meta-layouts":"default","ast-page-background-enabled":"default","ast-page-background-meta":{"desktop":{"background-color":"var(--ast-global-color-5)","background-image":"","background-repeat":"repeat","background-position":"center center","background-size":"auto","background-attachment":"scroll","background-type":"","background-media":"","overlay-type":"","overlay-color":"","overlay-opacity":"","overlay-gradient":""},"tablet":{"background-color":"","background-image":"","background-repeat":"repeat","background-position":"center center","background-size":"auto","background-attachment":"scroll","background-type":"","background-media":"","overlay-type":"","overlay-color":"","overlay-opacity":"","overlay-gradient":""},"mobile":{"background-color":"","background-image":"","background-repeat":"repeat","background-position":"center center","background-size":"auto","background-attachment":"scroll","background-type":"","background-media":"","overlay-type":"","overlay-color":"","overlay-opacity":"","overlay-gradient":""}},"ast-content-background-meta":{"desktop":{"background-color":"var(--ast-global-color-4)","background-image":"","background-repeat":"repeat","background-position":"center center","background-size":"auto","background-attachment":"scroll","background-type":"","background-media":"","overlay-type":"","overlay-color":"","overlay-opacity":"","overlay-gradient":""},"tablet":{"background-color":"var(--ast-global-color-4)","background-image":"","background-repeat":"repeat","background-position":"center center","background-size":"auto","background-attachment":"scroll","background-type":"","background-media":"","overlay-type":"","overlay-color":"","overlay-opacity":"","overlay-gradient":""},"mobile":{"background-color":"var(--ast-global-color-4)","background-image":"","background-repeat":"repeat","background-position":"center center","background-size":"auto","background-attachment":"scroll","background-type":"","background-media":"","overlay-type":"","overlay-color":"","overlay-opacity":"","overlay-gradient":""}},"footnotes":""},"class_list":["post-2","page","type-page","status-publish","hentry"],"yoast_head":"<!-- This site is optimized with the Yoast SEO plugin v25.9 - https:\/\/yoast.com\/wordpress\/plugins\/seo\/ -->\n<title>Sample Page - Hobby com carinho<\/title>\n<meta name=\"robots\" content=\"index, follow, max-snippet:-1, max-image-preview:large, max-video-preview:-1\" \/>\n<link rel=\"canonical\" href=\"https:\/\/apaula.pt\/\" \/>\n<meta property=\"og:locale\" content=\"pt_PT\" \/>\n<meta property=\"og:type\" content=\"article\" \/>\n<meta property=\"og:title\" content=\"Sample Page - Hobby com carinho\" \/>\n<meta property=\"og:description\" content=\"Este site \u00e9 dedicado a todos aqueles que ao longo da vida me t\u00eam incentivado a prosseguir com esta minha ocupa\u00e7\u00e3o que me serve de entretenimento, terapia e satisfa\u00e7\u00e3o de um lado criativo da minha personalidade&#8230; Ol\u00e1 a todos e espero que se divirtam a acompanhar a cria\u00e7\u00e3o e a testemunharem o resultado de muitas horas de dedica\u00e7\u00e3o&#8230; &#8230;e ainda: Todas estas pe\u00e7as de roupa, brinquedos ou utilidades n\u00e3o se destinam a ser vendidas. Por variadissimas vezes ofereci o resultado da produ\u00e7\u00e3o a institui\u00e7\u00f5es que muito delas precisam&#8230; A par da exist\u00eancia deste site irei publicar novidades e not\u00edcias nas redes Facebook e Instagram.\u00a0 Divirtam-se! Ana Paula Cunha Secret\u00e1ria de administra\u00e7\u00e3o a tempo inteiro, m\u00e3e de dois filhos e av\u00f3 de quatro netos Dedico-me a este &#8220;hobby&#8221; com toda a paix\u00e3o e carinho.\" \/>\n<meta property=\"og:url\" content=\"https:\/\/apaula.pt\/\" \/>\n<meta property=\"og:site_name\" content=\"Hobby com carinho\" \/>\n<meta property=\"article:modified_time\" content=\"2025-09-18T12:28:26+00:00\" \/>\n<meta property=\"og:image\" content=\"https:\/\/apaula.pt\/wp-content\/uploads\/2025\/09\/image-1-150x150.png\" \/>\n<meta name=\"twitter:card\" content=\"summary_large_image\" \/>\n<meta name=\"twitter:label1\" content=\"Tempo estimado de leitura\" \/>\n\t<meta name=\"twitter:data1\" content=\"1 minuto\" \/>\n<script type=\"application\/ld+json\" class=\"yoast-schema-graph\">{\"@context\":\"https:\/\/schema.org\",\"@graph\":[{\"@type\":\"WebPage\",\"@id\":\"https:\/\/apaula.pt\/\",\"url\":\"https:\/\/apaula.pt\/\",\"name\":\"Sample Page - Hobby com carinho\",\"isPartOf\":{\"@id\":\"https:\/\/apaula.pt\/#website\"},\"primaryImageOfPage\":{\"@id\":\"https:\/\/apaula.pt\/#primaryimage\"},\"image\":{\"@id\":\"https:\/\/apaula.pt\/#primaryimage\"},\"thumbnailUrl\":\"https:\/\/apaula.pt\/wp-content\/uploads\/2025\/09\/image-1-150x150.png\",\"datePublished\":\"2025-09-13T18:10:23+00:00\",\"dateModified\":\"2025-09-18T12:28:26+00:00\",\"breadcrumb\":{\"@id\":\"https:\/\/apaula.pt\/#breadcrumb\"},\"inLanguage\":\"pt-PT\",\"potentialAction\":[{\"@type\":\"ReadAction\",\"target\":[\"https:\/\/apaula.pt\/\"]}]},{\"@type\":\"ImageObject\",\"inLanguage\":\"pt-PT\",\"@id\":\"https:\/\/apaula.pt\/#primaryimage\",\"url\":\"https:\/\/apaula.pt\/wp-content\/uploads\/2025\/09\/image-1.png\",\"contentUrl\":\"https:\/\/apaula.pt\/wp-content\/uploads\/2025\/09\/image-1.png\",\"width\":504,\"height\":462},{\"@type\":\"BreadcrumbList\",\"@id\":\"https:\/\/apaula.pt\/#breadcrumb\",\"itemListElement\":[{\"@type\":\"ListItem\",\"position\":1,\"name\":\"In\u00edcio\",\"item\":\"https:\/\/apaula.pt\/\"},{\"@type\":\"ListItem\",\"position\":2,\"name\":\"Sample Page\"}]},{\"@type\":\"WebSite\",\"@id\":\"https:\/\/apaula.pt\/#website\",\"url\":\"https:\/\/apaula.pt\/\",\"name\":\"Hobby com carinho\",\"description\":\"Site de mostra de produtos artesanais feitos com carinho em v\u00e1rios materiais\",\"publisher\":{\"@id\":\"https:\/\/apaula.pt\/#organization\"},\"potentialAction\":[{\"@type\":\"SearchAction\",\"target\":{\"@type\":\"EntryPoint\",\"urlTemplate\":\"https:\/\/apaula.pt\/?s={search_term_string}\"},\"query-input\":{\"@type\":\"PropertyValueSpecification\",\"valueRequired\":true,\"valueName\":\"search_term_string\"}}],\"inLanguage\":\"pt-PT\"},{\"@type\":\"Organization\",\"@id\":\"https:\/\/apaula.pt\/#organization\",\"name\":\"Hobby com carinho\",\"url\":\"https:\/\/apaula.pt\/\",\"logo\":{\"@type\":\"ImageObject\",\"inLanguage\":\"pt-PT\",\"@id\":\"https:\/\/apaula.pt\/#\/schema\/logo\/image\/\",\"url\":\"https:\/\/apaula.pt\/wp-content\/uploads\/2025\/09\/cropped-c6b6d3f2-efff-419e-812d-d1df505fe806.png\",\"contentUrl\":\"https:\/\/apaula.pt\/wp-content\/uploads\/2025\/09\/cropped-c6b6d3f2-efff-419e-812d-d1df505fe806.png\",\"width\":500,\"height\":344,\"caption\":\"Hobby com carinho\"},\"image\":{\"@id\":\"https:\/\/apaula.pt\/#\/schema\/logo\/image\/\"}}]}<\/script>\n<!-- \/ Yoast SEO plugin. -->","yoast_head_json":{"title":"Sample Page - Hobby com carinho","robots":{"index":"index","follow":"follow","max-snippet":"max-snippet:-1","max-image-preview":"max-image-preview:large","max-video-preview":"max-video-preview:-1"},"canonical":"https:\/\/apaula.pt\/","og_locale":"pt_PT","og_type":"article","og_title":"Sample Page - Hobby com carinho","og_description":"Este site \u00e9 dedicado a todos aqueles que ao longo da vida me t\u00eam incentivado a prosseguir com esta minha ocupa\u00e7\u00e3o que me serve de entretenimento, terapia e satisfa\u00e7\u00e3o de um lado criativo da minha personalidade&#8230; Ol\u00e1 a todos e espero que se divirtam a acompanhar a cria\u00e7\u00e3o e a testemunharem o resultado de muitas horas de dedica\u00e7\u00e3o&#8230; &#8230;e ainda: Todas estas pe\u00e7as de roupa, brinquedos ou utilidades n\u00e3o se destinam a ser vendidas. Por variadissimas vezes ofereci o resultado da produ\u00e7\u00e3o a institui\u00e7\u00f5es que muito delas precisam&#8230; A par da exist\u00eancia deste site irei publicar novidades e not\u00edcias nas redes Facebook e Instagram.\u00a0 Divirtam-se! Ana Paula Cunha Secret\u00e1ria de administra\u00e7\u00e3o a tempo inteiro, m\u00e3e de dois filhos e av\u00f3 de quatro netos Dedico-me a este &#8220;hobby&#8221; com toda a paix\u00e3o e carinho.","og_url":"https:\/\/apaula.pt\/","og_site_name":"Hobby com carinho","article_modified_time":"2025-09-18T12:28:26+00:00","og_image":[{"url":"https:\/\/apaula.pt\/wp-content\/uploads\/2025\/09\/image-1-150x150.png","type":"","width":"","height":""}],"twitter_card":"summary_large_image","twitter_misc":{"Tempo estimado de leitura":"1 minuto"},"schema":{"@context":"https:\/\/schema.org","@graph":[{"@type":"WebPage","@id":"https:\/\/apaula.pt\/","url":"https:\/\/apaula.pt\/","name":"Sample Page - Hobby com carinho","isPartOf":{"@id":"https:\/\/apaula.pt\/#website"},"primaryImageOfPage":{"@id":"https:\/\/apaula.pt\/#primaryimage"},"image":{"@id":"https:\/\/apaula.pt\/#primaryimage"},"thumbnailUrl":"https:\/\/apaula.pt\/wp-content\/uploads\/2025\/09\/image-1-150x150.png","datePublished":"2025-09-13T18:10:23+00:00","dateModified":"2025-09-18T12:28:26+00:00","breadcrumb":{"@id":"https:\/\/apaula.pt\/#breadcrumb"},"inLanguage":"pt-PT","potentialAction":[{"@type":"ReadAction","target":["https:\/\/apaula.pt\/"]}]},{"@type":"ImageObject","inLanguage":"pt-PT","@id":"https:\/\/apaula.pt\/#primaryimage","url":"https:\/\/apaula.pt\/wp-content\/uploads\/2025\/09\/image-1.png","contentUrl":"https:\/\/apaula.pt\/wp-content\/uploads\/2025\/09\/image-1.png","width":504,"height":462},{"@type":"BreadcrumbList","@id":"https:\/\/apaula.pt\/#breadcrumb","itemListElement":[{"@type":"ListItem","position":1,"name":"In\u00edcio","item":"https:\/\/apaula.pt\/"},{"@type":"ListItem","position":2,"name":"Sample Page"}]},{"@type":"WebSite","@id":"https:\/\/apaula.pt\/#website","url":"https:\/\/apaula.pt\/","name":"Hobby com carinho","description":"Site de mostra de produtos artesanais feitos com carinho em v\u00e1rios materiais","publisher":{"@id":"https:\/\/apaula.pt\/#organization"},"potentialAction":[{"@type":"SearchAction","target":{"@type":"EntryPoint","urlTemplate":"https:\/\/apaula.pt\/?s={search_term_string}"},"query-input":{"@type":"PropertyValueSpecification","valueRequired":true,"valueName":"search_term_string"}}],"inLanguage":"pt-PT"},{"@type":"Organization","@id":"https:\/\/apaula.pt\/#organization","name":"Hobby com carinho","url":"https:\/\/apaula.pt\/","logo":{"@type":"ImageObject","inLanguage":"pt-PT","@id":"https:\/\/apaula.pt\/#\/schema\/logo\/image\/","url":"https:\/\/apaula.pt\/wp-content\/uploads\/2025\/09\/cropped-c6b6d3f2-efff-419e-812d-d1df505fe806.png","contentUrl":"https:\/\/apaula.pt\/wp-content\/uploads\/2025\/09\/cropped-c6b6d3f2-efff-419e-812d-d1df505fe806.png","width":500,"height":344,"caption":"Hobby com carinho"},"image":{"@id":"https:\/\/apaula.pt\/#\/schema\/logo\/image\/"}}]}},"_links":{"self":[{"href":"https:\/\/apaula.pt\/index.php\/wp-json\/wp\/v2\/pages\/2","targetHints":{"allow":["GET"]}}],"collection":[{"href":"https:\/\/apaula.pt\/index.php\/wp-json\/wp\/v2\/pages"}],"about":[{"href":"https:\/\/apaula.pt\/index.php\/wp-json\/wp\/v2\/types\/page"}],"author":[{"embeddable":true,"href":"https:\/\/apaula.pt\/index.php\/wp-json\/wp\/v2\/users\/1"}],"replies":[{"embeddable":true,"href":"https:\/\/apaula.pt\/index.php\/wp-json\/wp\/v2\/comments?post=2"}],"version-history":[{"count":18,"href":"https:\/\/apaula.pt\/index.php\/wp-json\/wp\/v2\/pages\/2\/revisions"}],"predecessor-version":[{"id":171,"href":"https:\/\/apaula.pt\/index.php\/wp-json\/wp\/v2\/pages\/2\/revisions\/171"}],"wp:attachment":[{"href":"https:\/\/apaula.pt\/index.php\/wp-json\/wp\/v2\/media?parent=2"}],"curies":[{"name":"wp","href":"https:\/\/api.w.org\/{rel}","templated":true}]}}